{"id":81,"date":"2023-02-24T15:19:01","date_gmt":"2023-02-24T14:19:01","guid":{"rendered":"http:\/\/work-quality.com\/?page_id=81"},"modified":"2024-05-12T19:39:38","modified_gmt":"2024-05-12T17:39:38","slug":"impressum","status":"publish","type":"page","link":"https:\/\/work-quality.com\/en\/impressum\/","title":{"rendered":"Imprint"},"content":{"rendered":"<p>[et_pb_section fb_built=&#8220;1&#8243; custom_padding_last_edited=&#8220;on|tablet&#8220; module_class=&#8220;sektion-vertikal-zentrieren&#8220; _builder_version=&#8220;4.24.0&#8243; _module_preset=&#8220;default&#8220; background_color=&#8220;rgba(122,195,249,0.055)&#8220; background_enable_pattern_style=&#8220;on&#8220; background_pattern_style=&#8220;ogees&#8220; background_pattern_color=&#8220;rgba(122,195,249,0.055)&#8220; background_pattern_transform=&#8220;rotate_90_degree|flip_vertical|flip_horizontal&#8220; background_pattern_size=&#8220;custom&#8220; background_pattern_width=&#8220;420px&#8220; background_pattern_repeat_origin=&#8220;center&#8220; min_height=&#8220;100vh&#8220; custom_margin=&#8220;||||false|false&#8220; custom_padding=&#8220;||||false|false&#8220; custom_padding_tablet=&#8220;10vh||20vh||false|false&#8220; custom_padding_phone=&#8220;20vh||15vh||false|false&#8220; animation_style=&#8220;fade&#8220; animation_duration=&#8220;500ms&#8220; box_shadow_style=&#8220;preset3&#8243; box_shadow_vertical=&#8220;-24px&#8220; box_shadow_blur=&#8220;35px&#8220; box_shadow_spread=&#8220;-26px&#8220; box_shadow_color=&#8220;rgba(122,195,249,0.15)&#8220; box_shadow_position=&#8220;inner&#8220; locked=&#8220;off&#8220; global_colors_info=&#8220;{}&#8220;][et_pb_row column_structure=&#8220;1_2,1_2&#8243; use_custom_gutter=&#8220;on&#8220; gutter_width=&#8220;2&#8243; make_equal=&#8220;on&#8220; module_class=&#8220;inline-btns custom_row align-center-mobile&#8220; _builder_version=&#8220;4.24.0&#8243; _module_preset=&#8220;default&#8220; positioning=&#8220;none&#8220; width_tablet=&#8220;85%&#8220; width_phone=&#8220;90%&#8220; width_last_edited=&#8220;on|desktop&#8220; max_width=&#8220;1170px&#8220; max_width_tablet=&#8220;85%&#8220; max_width_phone=&#8220;90%&#8220; max_width_last_edited=&#8220;on|phone&#8220; custom_margin=&#8220;0px||0px||false|false&#8220; custom_padding=&#8220;0px||0px||false|false&#8220; global_colors_info=&#8220;{}&#8220; custom_css_main_element_last_edited=&#8220;on|phone&#8220; width__hover_enabled=&#8220;on|hover&#8220; max_width__hover=&#8220;1170px&#8220; max_width__hover_enabled=&#8220;on|hover&#8220;][et_pb_column type=&#8220;1_2&#8243; module_class=&#8220;second-on-mobile&#8220; _builder_version=&#8220;4.23.1&#8243; _module_preset=&#8220;default&#8220; custom_padding_tablet=&#8220;&#8220; custom_padding_phone=&#8220;&#8220; custom_padding_last_edited=&#8220;on|desktop&#8220; custom_css_main_element=&#8220;margin:auto;||&#8220; global_colors_info=&#8220;{}&#8220;][et_pb_text _builder_version=&#8220;4.24.2&#8243; _module_preset=&#8220;default&#8220; header_4_font=&#8220;Cabin|700|||||||&#8220; header_4_text_align=&#8220;left&#8220; header_4_text_color=&#8220;#7ac3f9&#8243; header_4_font_size=&#8220;21px&#8220; header_4_line_height=&#8220;1.2em&#8220; custom_margin=&#8220;0px||0px||false|false&#8220; custom_margin_tablet=&#8220;0px||0px||false|false&#8220; custom_margin_phone=&#8220;||0px||false|false&#8220; custom_margin_last_edited=&#8220;on|desktop&#8220; custom_padding=&#8220;0px||0px||false|false&#8220; hover_enabled=&#8220;0&#8243; header_4_text_align_tablet=&#8220;center&#8220; header_4_text_align_phone=&#8220;center&#8220; header_4_text_align_last_edited=&#8220;on|tablet&#8220; header_4_font_size_tablet=&#8220;21px&#8220; header_4_font_size_phone=&#8220;16px&#8220; header_4_font_size_last_edited=&#8220;on|desktop&#8220; global_colors_info=&#8220;{}&#8220; header_4_text_color__hover_enabled=&#8220;on|desktop&#8220; header_4_text_color__hover=&#8220;#7ac3f9&#8243; sticky_enabled=&#8220;0&#8243;]<\/p>\n<h4>Measuring the quality of work<\/h4>\n<p>[\/et_pb_text][et_pb_text content_tablet=&#8220;<\/p>\n<h2>Work In Progress<\/h2>\n<p>&#8220; content_phone=&#8220;<\/p>\n<h2>Work In Progress<\/h2>\n<p>&#8220; content_last_edited=&#8220;on|desktop&#8220; _builder_version=&#8220;4.24.0&#8243; _module_preset=&#8220;default&#8220; header_2_font=&#8220;Cabin|700|||||||&#8220; header_2_text_align=&#8220;left&#8220; header_2_text_color=&#8220;#374162&#8243; header_2_font_size=&#8220;36px&#8220; header_2_line_height=&#8220;1.3em&#8220; max_width=&#8220;100%&#8220; max_width_tablet=&#8220;100%&#8220; max_width_phone=&#8220;100%&#8220; max_width_last_edited=&#8220;on|phone&#8220; custom_margin=&#8220;0px||5px||false|false&#8220; custom_margin_tablet=&#8220;0px||5px||false|false&#8220; custom_margin_phone=&#8220;0px||5px||false|false&#8220; custom_margin_last_edited=&#8220;on|phone&#8220; custom_padding=&#8220;0px||0px||false|false&#8220; header_2_text_align_tablet=&#8220;center&#8220; header_2_text_align_phone=&#8220;center&#8220; header_2_text_align_last_edited=&#8220;on|tablet&#8220; header_2_font_size_tablet=&#8220;38px&#8220; header_2_font_size_phone=&#8220;32px&#8220; header_2_font_size_last_edited=&#8220;on|tablet&#8220; global_colors_info=&#8220;{}&#8220;]<\/p>\n<h2>Imprint<\/h2>\n<p>[\/et_pb_text][et_pb_text content_tablet=&#8220;<\/p>\n<p>Start working with an company that can provide<br \/>everything you need to generate awareness.<\/p>\n<p>&#8220; content_phone=&#8220;Start working with an company that can provide everything you need to generate awareness.&#8220; content_last_edited=&#8220;off|desktop&#8220; _builder_version=&#8220;4.24.0&#8243; _module_preset=&#8220;default&#8220; text_font=&#8220;Catamaran||||||||&#8220; text_text_color=&#8220;#666666&#8243; text_font_size=&#8220;20px&#8220; text_line_height=&#8220;1.6em&#8220; max_width=&#8220;100%&#8220; max_width_tablet=&#8220;100%&#8220; max_width_phone=&#8220;100%&#8220; max_width_last_edited=&#8220;on|phone&#8220; module_alignment=&#8220;center&#8220; custom_margin=&#8220;0px||40px||false|false&#8220; custom_padding=&#8220;0px||0px||false|false&#8220; text_font_size_tablet=&#8220;20px&#8220; text_font_size_phone=&#8220;18px&#8220; text_font_size_last_edited=&#8220;on|phone&#8220; text_orientation_tablet=&#8220;center&#8220; text_orientation_phone=&#8220;center&#8220; text_orientation_last_edited=&#8220;on|tablet&#8220; custom_css_free_form=&#8220;selector p { margin-bottom: 8px!important;}&#8220; global_colors_info=&#8220;{}&#8220;]<\/p>\n<p>Information in accordance with \u00a7 5 TMG (German Telemedia Act)<\/p>\n<p>[\/et_pb_text][et_pb_button button_url=&#8220;#impressum&#8220; button_text=&#8220;Mehr&#8220; button_alignment=&#8220;left&#8220; button_alignment_tablet=&#8220;center&#8220; button_alignment_phone=&#8220;center&#8220; button_alignment_last_edited=&#8220;on|tablet&#8220; _builder_version=&#8220;4.24.2&#8243; _module_preset=&#8220;default&#8220; custom_button=&#8220;on&#8220; button_text_size=&#8220;16px&#8220; button_text_color=&#8220;#374162&#8243; button_bg_color=&#8220;RGBA(255,255,255,0)&#8220; button_border_width=&#8220;2px&#8220; button_border_color=&#8220;#374162&#8243; button_border_radius=&#8220;5px&#8220; button_letter_spacing=&#8220;0.5px&#8220; button_font=&#8220;Cabin||||||||&#8220; button_icon=&#8220;&#xe109;||divi||400&#8243; button_icon_placement=&#8220;left&#8220; custom_margin=&#8220;0px||0px|0px|false|false&#8220; custom_margin_tablet=&#8220;0px||0px|0px|false|false&#8220; custom_margin_phone=&#8220;||0px||false|false&#8220; custom_margin_last_edited=&#8220;on|phone&#8220; custom_padding=&#8220;10px|22px|10px|22px|true|false&#8220; hover_enabled=&#8220;0&#8243; global_colors_info=&#8220;{}&#8220; button_border_color__hover_enabled=&#8220;on|desktop&#8220; button_bg_color__hover_enabled=&#8220;on|hover&#8220; button_bg_color__hover=&#8220;#374162&#8243; button_bg_enable_color__hover=&#8220;on&#8220; button_text_color__hover_enabled=&#8220;on|hover&#8220; button_text_color__hover=&#8220;#FFFFFF&#8220; button_border_color__hover=&#8220;#374162&#8243; button_letter_spacing__hover_enabled=&#8220;on|hover&#8220; button_letter_spacing__hover=&#8220;0.5px&#8220; custom_padding__hover_enabled=&#8220;on|hover&#8220; custom_padding__hover=&#8220;|||42px|true|false&#8220; sticky_enabled=&#8220;0&#8243;][\/et_pb_button][\/et_pb_column][et_pb_column type=&#8220;1_2&#8243; module_class=&#8220;first-on-mobile&#8220; _builder_version=&#8220;4.23.1&#8243; _module_preset=&#8220;default&#8220; custom_padding_tablet=&#8220;||5vh||false|false&#8220; custom_padding_phone=&#8220;||0vh||false|false&#8220; custom_padding_last_edited=&#8220;on|phone&#8220; global_colors_info=&#8220;{}&#8220;][dnxte_floating_element _builder_version=&#8220;4.24.2&#8243; _module_preset=&#8220;default&#8220; max_width=&#8220;100%&#8220; min_height_last_edited=&#8220;off|tablet&#8220; hover_enabled=&#8220;0&#8243; custom_css_free_form=&#8220;selector .dnxte_floating_element_child {||max-width: 80%!important;}||||||||@media all and (max-width: 980px) { selector .dnxte-floatimg-wrapper {||  height: 450px!important; }}||||@media all and (max-width: 767px) { selector .dnxte-floatimg-wrapper {||  height: 450px!important; }}||||@media all and (max-width: 450px) { selector .dnxte-floatimg-wrapper {||  height: 250px!important; }}||||&#8220; global_colors_info=&#8220;{}&#8220; sticky_enabled=&#8220;0&#8243;][dnxte_floating_element_child floting_shape_image=&#8220;https:\/\/work-quality.com\/wp-content\/uploads\/2024\/02\/work-quality-icon-set_20240126_Forschung-1.svg&#8220; dnxte_floting_shape_default_effects=&#8220;custom&#8220; dnxte_floting_shape_effects=&#8220;dnxtefltmoveupdown&#8220; dnxte_floting_shape_effects_vertical=&#8220;1.5rem&#8220; dnxte_floting_shape_effects_duration=&#8220;15s&#8220; dnxte_floting_shape_effects_direction=&#8220;normal&#8220; dnxte_floting_shape_effects_vertical_tablet=&#8220;0rem&#8220; dnxte_floting_shape_effects_vertical_phone=&#8220;0rem&#8220; dnxte_floting_shape_effects_vertical_last_edited=&#8220;on|desktop&#8220; dnxte_floting_shape_effects_duration_tablet=&#8220;15s&#8220; dnxte_floting_shape_effects_duration_phone=&#8220;15s&#8220; dnxte_floting_shape_effects_duration_last_edited=&#8220;on|phone&#8220; _builder_version=&#8220;4.24.2&#8243; _module_preset=&#8220;default&#8220; max_width=&#8220;100%&#8220; module_alignment=&#8220;center&#8220; hover_enabled=&#8220;0&#8243; global_colors_info=&#8220;{}&#8220; title_text=&#8220;work-quality-icon-set_20240126_Forschung-1&#8243; sticky_enabled=&#8220;0&#8243;][\/dnxte_floating_element_child][\/dnxte_floating_element][\/et_pb_column][\/et_pb_row][\/et_pb_section][et_pb_section fb_built=&#8220;1&#8243; custom_padding_last_edited=&#8220;on|phone&#8220; module_id=&#8220;impressum&#8220; module_class=&#8220;sektion-vertikal-zentrieren&#8220; _builder_version=&#8220;4.24.2&#8243; _module_preset=&#8220;default&#8220; background_enable_color=&#8220;off&#8220; background_pattern_repeat_origin=&#8220;center&#8220; min_height=&#8220;100vh&#8220; custom_margin=&#8220;0px||0px||false|false&#8220; custom_padding=&#8220;||||true|false&#8220; custom_padding_tablet=&#8220;80px||80px||false|false&#8220; custom_padding_phone=&#8220;50px||50px||false|false&#8220; hover_enabled=&#8220;0&#8243; box_shadow_style=&#8220;preset3&#8243; box_shadow_vertical=&#8220;-24px&#8220; box_shadow_blur=&#8220;35px&#8220; box_shadow_spread=&#8220;-26px&#8220; box_shadow_color=&#8220;rgba(122,195,249,0.15)&#8220; box_shadow_position=&#8220;inner&#8220; saved_tabs=&#8220;all&#8220; global_colors_info=&#8220;{}&#8220; locked=&#8220;off&#8220; sticky_enabled=&#8220;0&#8243;][et_pb_row use_custom_gutter=&#8220;on&#8220; gutter_width=&#8220;2&#8243; make_equal=&#8220;on&#8220; module_class=&#8220;inline-btns align-center custom_row &#8220; _builder_version=&#8220;4.24.0&#8243; _module_preset=&#8220;default&#8220; positioning=&#8220;none&#8220; width_tablet=&#8220;85%&#8220; width_phone=&#8220;90%&#8220; width_last_edited=&#8220;on|desktop&#8220; max_width=&#8220;1170px&#8220; max_width_tablet=&#8220;85%&#8220; max_width_phone=&#8220;90%&#8220; max_width_last_edited=&#8220;on|phone&#8220; custom_margin=&#8220;0px||0px||false|false&#8220; custom_margin_tablet=&#8220;0px||||false|false&#8220; custom_margin_phone=&#8220;0px||0px||false|false&#8220; custom_margin_last_edited=&#8220;on|phone&#8220; custom_padding=&#8220;0px||0px||false|false&#8220; animation_style=&#8220;fade&#8220; animation_duration=&#8220;600ms&#8220; global_colors_info=&#8220;{}&#8220; width__hover_enabled=&#8220;on|hover&#8220; max_width__hover=&#8220;1170px&#8220; max_width__hover_enabled=&#8220;on|hover&#8220;][et_pb_column type=&#8220;4_4&#8243; _builder_version=&#8220;4.17.3&#8243; _module_preset=&#8220;default&#8220; global_colors_info=&#8220;{}&#8220;][et_pb_text content_tablet=&#8220;<\/p>\n<p>Start working with an company that can provide<br \/>everything you need to generate awareness.<\/p>\n<p>&#8220; content_phone=&#8220;Start working with an company that can provide everything you need to generate awareness.&#8220; content_last_edited=&#8220;off|desktop&#8220; _builder_version=&#8220;4.20.0&#8243; _module_preset=&#8220;default&#8220; text_font=&#8220;Catamaran||||||||&#8220; text_text_color=&#8220;#828282&#8243; text_font_size=&#8220;18px&#8220; text_line_height=&#8220;1.6em&#8220; header_2_font=&#8220;Cabin|700|||||||&#8220; header_2_text_color=&#8220;#374162&#8243; text_orientation=&#8220;center&#8220; max_width=&#8220;80%&#8220; module_alignment=&#8220;center&#8220; custom_margin=&#8220;0px||25px||false|false&#8220; custom_padding=&#8220;0px||0px||false|false&#8220; link_text_color_tablet=&#8220;&#8220; link_text_color_phone=&#8220;&#8220; link_text_color_last_edited=&#8220;on|desktop&#8220; global_colors_info=&#8220;{}&#8220; link_text_color__hover_enabled=&#8220;on|hover&#8220; link_text_color__hover=&#8220;#ec606c&#8220;]<\/p>\n<p>Anna-Maria K\u00f6hnke<br \/><span>Politics Department | School of Social Sciences<\/span><br \/><span>Arthur Lewis Building\u00a0<\/span><br \/><span>The University of Manchester<\/span><br \/><span>Oxford Road<\/span><br \/><span>Manchester<\/span><br \/><span>M13 9PL<\/span><\/p>\n<h2>Get in touch<\/h2>\n<p>Phone: +49 1573 0686739<\/p>\n<p>E-Mail: <a href=\"mailto:info@work-quality.com\">info@work-quality.com<\/a><\/p>\n<h2>Chief Editor<\/h2>\n<p>Anna-Maria K\u00f6hnke<\/p>\n<h2>Conceptual Design<\/h2>\n<p><span>\u00a0<\/span><a href=\"https:\/\/benjamingrafik.de\/\" target=\"_blank\" rel=\"noopener\">Benjamin Grafik<\/a><\/p>\n<h2>A note on external links<\/h2>\n<p>In accordance with \u00a7 7 para. 1 TMG, Anna-Maria K\u00f6hnke, as a content provider, is responsible for the original content she makes accessible for use by others. This content is to be distinguished from cross-referenced contents, i.e. links to contents from other providers. By cross-referencing these contents, Anna-Maria K\u00f6hnke provides access to third-party contents, which are indicated as 'links'.<\/p>\n<p>Links represent dynamic references. Upon initial linking of third-party contents, Anna-Maria K\u00f6hnke has checked whether this may involve responsibilities under civil or criminal law. However, she does not continuously check the contents she references for changes or updates which may reconstitute such responsibilities. Whenever she notices or is made aware that cross-referenced content may involve such responsibilities under civil or criminal law, she will remove the link to this content.<\/p>\n<p>[\/et_pb_text][et_pb_button button_url=&#8220;#kontakt&#8220; button_text=&#8220;Kontakt&#8220; button_alignment=&#8220;center&#8220; button_alignment_tablet=&#8220;center&#8220; button_alignment_phone=&#8220;center&#8220; button_alignment_last_edited=&#8220;on|tablet&#8220; disabled_on=&#8220;off|off|off&#8220; _builder_version=&#8220;4.24.0&#8243; _module_preset=&#8220;default&#8220; custom_button=&#8220;on&#8220; button_text_size=&#8220;16px&#8220; button_text_color=&#8220;#374162&#8243; button_bg_color=&#8220;RGBA(255,255,255,0)&#8220; button_border_width=&#8220;2px&#8220; button_border_color=&#8220;#374162&#8243; button_border_radius=&#8220;5px&#8220; button_letter_spacing=&#8220;0.5px&#8220; button_font=&#8220;Cabin||||||||&#8220; button_icon=&#8220;&#xf1d8;||fa||900&#8243; button_icon_placement=&#8220;left&#8220; custom_margin=&#8220;0px||0px|0px|false|false&#8220; custom_margin_tablet=&#8220;0px||0px|0px|false|false&#8220; custom_margin_phone=&#8220;||0px||false|false&#8220; custom_margin_last_edited=&#8220;on|phone&#8220; custom_padding=&#8220;10px|22px|10px|22px|true|false&#8220; global_colors_info=&#8220;{}&#8220; button_border_color__hover_enabled=&#8220;on|desktop&#8220; button_bg_color__hover_enabled=&#8220;on|hover&#8220; button_bg_color__hover=&#8220;#374162&#8243; button_bg_enable_color__hover=&#8220;on&#8220; button_text_color__hover_enabled=&#8220;on|hover&#8220; button_text_color__hover=&#8220;#FFFFFF&#8220; button_border_color__hover=&#8220;#374162&#8243; button_letter_spacing__hover_enabled=&#8220;on|hover&#8220; button_letter_spacing__hover=&#8220;0.5px&#8220; custom_padding__hover_enabled=&#8220;on|hover&#8220; custom_padding__hover=&#8220;|||42px|true|false&#8220;][\/et_pb_button][\/et_pb_column][\/et_pb_row][\/et_pb_section]<\/p>","protected":false},"excerpt":{"rendered":"<p>Arbeitsqualit\u00e4t messenImpressumAngaben gem\u00e4\u00df \u00a7 5 TMG<div class=\"et_pb_module dnxte_floating_element dnxte_floating_element_0\">\n\t\t\t\t\n\t\t\t\t\n\t\t\t\t\n\t\t\t\t\n\t\t\t\t\n\t\t\t\t\n\t\t\t\t<div class=\"et_pb_module_inner\">\n\t\t\t\t\t<div class=\"dnxte-floatimg-wrapper\"><\/div>\n\t\t\t\t<\/div>\n\t\t\t<\/div><div class=\"et_pb_module dnxte_floating_element_child dnxte_floating_element_child_0\">\n\t\t\t\t\n\t\t\t\t\n\t\t\t\t\n\t\t\t\t\n\t\t\t\t\n\t\t\t\t\n\t\t\t\t<div class=\"et_pb_module_inner\">\n\t\t\t\t\t<img decoding=\"async\" class=\"dnxte-fltshape-&#8220;custom&#8220; dnxte-floting-image\" src=\"&#8220;https:\/\/work-quality.com\/wp-content\/uploads\/2024\/02\/work-quality-icon-set_20240126_Forschung-1.svg&#8220;\" alt=\"Floating Item\" \/>\n\t\t\t\t<\/div>\n\t\t\t<\/div><\/p>","protected":false},"author":1,"featured_media":0,"parent":0,"menu_order":0,"comment_status":"closed","ping_status":"closed","template":"","meta":{"_et_pb_use_builder":"on","_et_pb_old_content":"","_et_gb_content_width":"","inline_featured_image":false,"footnotes":""},"class_list":["post-81","page","type-page","status-publish","hentry"],"_links":{"self":[{"href":"https:\/\/work-quality.com\/en\/wp-json\/wp\/v2\/pages\/81","targetHints":{"allow":["GET"]}}],"collection":[{"href":"https:\/\/work-quality.com\/en\/wp-json\/wp\/v2\/pages"}],"about":[{"href":"https:\/\/work-quality.com\/en\/wp-json\/wp\/v2\/types\/page"}],"author":[{"embeddable":true,"href":"https:\/\/work-quality.com\/en\/wp-json\/wp\/v2\/users\/1"}],"replies":[{"embeddable":true,"href":"https:\/\/work-quality.com\/en\/wp-json\/wp\/v2\/comments?post=81"}],"version-history":[{"count":10,"href":"https:\/\/work-quality.com\/en\/wp-json\/wp\/v2\/pages\/81\/revisions"}],"predecessor-version":[{"id":987511369,"href":"https:\/\/work-quality.com\/en\/wp-json\/wp\/v2\/pages\/81\/revisions\/987511369"}],"wp:attachment":[{"href":"https:\/\/work-quality.com\/en\/wp-json\/wp\/v2\/media?parent=81"}],"curies":[{"name":"wp","href":"https:\/\/api.w.org\/{rel}","templated":true}]}}